{"id":24235,"date":"2015-01-25T19:12:14","date_gmt":"2015-01-25T19:12:14","guid":{"rendered":"https:\/\/www.creaticx2.com\/impressum\/"},"modified":"2015-01-25T19:12:14","modified_gmt":"2015-01-25T19:12:14","slug":"impressum","status":"publish","type":"page","link":"https:\/\/www.taxi-innsbruck-airport.com\/nl\/impressum\/","title":{"rendered":"Impressum"},"content":{"rendered":"<div class=\"wpb-content-wrapper\"><p>[vc_row][vc_column][vc_row_inner][vc_column_inner][vc_column_text]Firmenname<br \/>\nABC Taxi &amp; Transfer KG &#8220;Alpstria Taxi\u00a0 Innsbruck&#8221;<\/p>\n<p>Adresse:<br \/>\nF\u00fcrstenweg 176, A-6020 Innsbruck, Tirol, Austria<\/p>\n<p>Telefon<br \/>\n+43 512 259 161<\/p>\n<p>E-Mail<br \/>\ntaxi@alpstria.com<br \/>\noffice@abc-taxi-innsbruck.com<\/p>\n<p>UID-Nummer<br \/>\nATU71280712<\/p>\n<p>Firmenbuchnummer<br \/>\n455254t<\/p>\n<p>Firmengericht<br \/>\nLandesgericht Innsbruck<\/p>\n<p>Personenbef\u00f6rderungsgewerbe mit Pkw &#8211; Taxi<br \/>\nGewerberechtliche Gesch\u00e4ftsf\u00fchrung: Taner Vural<br \/>\nBerufszweig: Taxigewerbe<br \/>\nGISA-Zahl<br \/>\n28879992<\/p>\n<p>Beh\u00f6rde gem. ECG (E-Commerce Gesetz)<br \/>\nMagistrat der Stadt Innsbruck[\/vc_column_text][\/vc_column_inner][\/vc_row_inner][vc_column_text]Haftung:<\/p>\n<p>S\u00e4mtliche Texte auf dieser Website wurden sorgf\u00e4ltig gepr\u00fcft. Dessen ungeachtet kann keine Garantie f\u00fcr die Richtigkeit, Vollst\u00e4ndigkeit und Aktualit\u00e4t der Angaben \u00fcbernommen werden. Eine Haftung von ABC Taxi &amp; Transfer KG wird daher ausgeschlossen.<\/p>\n<p>Urherberrechte<\/p>\n<p style=\"text-align: left;\" align=\"justify\">Der Inhalt der Website ist urheberrechtlich gesch\u00fctzt. Die Bereitstellung von Inhalten und Bildmaterial dieser Webseiten auf anderen Webseiten ist nur mit ausdr\u00fccklicher Genehmigung gestattet. Die enthaltenen Angaben werden nach bestem Wissen erstellt und mit gro\u00dfer Sorgfalt auf ihre Richtigkeit gepr\u00fcft. Trotzdem sind inhaltliche und sachliche Fehler nicht vollst\u00e4ndig auszuschlie\u00dfen. ABC Taxi &amp; Transfer KG \u00fcbernimmt keine Garantie und Haftung f\u00fcr die Richtigkeit, Aktualit\u00e4t und Vollst\u00e4ndigkeit der Angaben. Alle Angaben sind ohne Gew\u00e4hr, das gilt auch f\u00fcr Links zu anderen URLs, die auf der Website eigebunden sind. Alle Preise sind in Euro angegeben, Preis\u00e4nderungen und Satzfehler vorbehalten.<\/p>\n<p>[\/vc_column_text][\/vc_column][\/vc_row]<\/p>\n<\/div>","protected":false},"excerpt":{"rendered":"<p>[vc_row][vc_column][vc_row_inner][vc_column_inner][vc_column_text]Firmenname ABC Taxi &amp; Transfer KG &#8220;Alpstria Taxi\u00a0 Innsbruck&#8221; Adresse: F\u00fcrstenweg 176, A-6020 Innsbruck, Tirol, Austria Telefon +43 512 259 161 E-Mail taxi@alpstria.com office@abc-taxi-innsbruck.com UID-Nummer ATU71280712 Firmenbuchnummer 455254t Firmengericht Landesgericht Innsbruck Personenbef\u00f6rderungsgewerbe mit Pkw &#8211; Taxi Gewerberechtliche Gesch\u00e4ftsf\u00fchrung: Taner Vural Berufszweig: Taxigewerbe GISA-Zahl 28879992 Beh\u00f6rde gem. ECG (E-Commerce Gesetz) Magistrat der Stadt Innsbruck[\/vc_column_text][\/vc_column_inner][\/vc_row_inner][vc_column_text]Haftung: S\u00e4mtliche Texte&hellip;<\/p>\n","protected":false},"author":1,"featured_media":0,"parent":0,"menu_order":0,"comment_status":"closed","ping_status":"closed","template":"","meta":{"_acf_changed":false,"footnotes":""},"class_list":["post-24235","page","type-page","status-publish","hentry","description-off"],"acf":[],"_links":{"self":[{"href":"https:\/\/www.taxi-innsbruck-airport.com\/nl\/wp-json\/wp\/v2\/pages\/24235","targetHints":{"allow":["GET"]}}],"collection":[{"href":"https:\/\/www.taxi-innsbruck-airport.com\/nl\/wp-json\/wp\/v2\/pages"}],"about":[{"href":"https:\/\/www.taxi-innsbruck-airport.com\/nl\/wp-json\/wp\/v2\/types\/page"}],"author":[{"embeddable":true,"href":"https:\/\/www.taxi-innsbruck-airport.com\/nl\/wp-json\/wp\/v2\/users\/1"}],"replies":[{"embeddable":true,"href":"https:\/\/www.taxi-innsbruck-airport.com\/nl\/wp-json\/wp\/v2\/comments?post=24235"}],"version-history":[{"count":0,"href":"https:\/\/www.taxi-innsbruck-airport.com\/nl\/wp-json\/wp\/v2\/pages\/24235\/revisions"}],"wp:attachment":[{"href":"https:\/\/www.taxi-innsbruck-airport.com\/nl\/wp-json\/wp\/v2\/media?parent=24235"}],"curies":[{"name":"wp","href":"https:\/\/api.w.org\/{rel}","templated":true}]}}